{"id":423,"date":"2024-08-28T11:11:34","date_gmt":"2024-08-28T09:11:34","guid":{"rendered":"https:\/\/crazydogtattoo.com\/?page_id=423"},"modified":"2025-03-18T09:24:42","modified_gmt":"2025-03-18T08:24:42","slug":"dein-event-taetowierer","status":"publish","type":"page","link":"https:\/\/crazydogtattoo.com\/index.php\/dein-event-taetowierer\/","title":{"rendered":"Dein Event T\u00e4towierer"},"content":{"rendered":"\n<h1 class=\"wp-block-heading has-text-align-center\">Dein Event T\u00e4towierer<\/h1>\n\n\n\n<p class=\"has-text-align-left\">Wir sind Dein Partner f\u00fcr besondere Momente, die wortw\u00f6rtlich unter die Haut gehen. Robert ist unser leidenschaftlicher T\u00e4towierer, der mit viel Geschick und Kreativit\u00e4t kleine Tattoos gestaltet, die Geschichten erz\u00e4hlen. Mandy sorgt im Hintergrund daf\u00fcr, das alles perfekt organisiert ist und Dein Event reibungslos abl\u00e4uft.<\/p>\n\n\n\n<p class=\"has-text-align-left\">Ob Hochzeit, Firmenfeier oder Geburtstag- wir bringen eine ganz besondere Note in Dein Event. Unsere Tattoos sind klein, aber von gro\u00dfer Bedeutung. Sie fangen Augenblicke ein, die Du und Deine G\u00e4ste f\u00fcr immer in Erinnerung behalten werdet.<\/p>\n\n\n\n\n\n\n<p><\/p>\n\n\n\n<p class=\"has-text-align-center\"><strong>Das Paket der Ewigen Liebe:<\/strong><br>Tattoos f\u00fcr das Ehepaar<br>2 Stunden vor Ort mit professionellem Equipment<br>Gute Laune, Spa\u00df und Freude<br>Anfahrt bis 50 km<br><strong>Preis: 500,00 \u20ac<\/strong><\/p>\n\n\n\n<p class=\"has-text-align-center\"><strong>Gl\u00fccksgef\u00fchle ohne Grenzen:<\/strong><br>Tattoos f\u00fcr G\u00e4ste und Ehepaar ohne Limit<br>3 Stunden vor Ort mit professionellem Equipment<br>Gute Laune, Spa\u00df und Freude<br><strong>Preis 750,00 \u20ac<\/strong><\/p>\n\n\n\n<p class=\"has-text-align-center\"><strong>Individuelles Event:<\/strong><br>Tattoos f\u00fcr G\u00e4ste und Gastgeber ohne Limit<br>Individuell vereinbarte Zeit vor Ort mit professionellem Equipment<br>Gute Laune, Spa\u00df und Freude<br><strong>Preis auf Anfrage<\/strong><\/p>\n\n\n\n<p class=\"has-text-align-center\">Jede weitere gebuchte Stunde kostet 200,00 \u20ac und ab 50 km Anfahrt erheben wir eine zus\u00e4tzliche Entfernungspauschale individuell auf die Entfernung.<\/p>\n\n\n\n<p class=\"has-text-align-center\">Lass uns gemeinsam Emotionen schaffen die bleiben. <strong>***Dein Event T\u00e4towierer***<\/strong> &#8211; weil besondere Momente besondere Zeichen verdienen.<\/p>\n\n\n\n<p class=\"has-text-align-center\">Kontaktiert uns gerne und in einem Vorgespr\u00e4ch werden wir alle Details besprechen.<br>Mobil\/WhatsApp: <strong>+49 178 3177824<\/strong><br>Mail: <strong>info@dein-event-t\u00e4towierer.com<\/strong><\/p>\n","protected":false},"excerpt":{"rendered":"<p>Dein Event T\u00e4towierer Wir sind Dein Partner f\u00fcr besondere Momente, die wortw\u00f6rtlich unter die Haut gehen. Robert ist unser leidenschaftlicher T\u00e4towierer, der mit viel Geschick und Kreativit\u00e4t kleine Tattoos gestaltet, die Geschichten erz\u00e4hlen. Mandy sorgt im Hintergrund daf\u00fcr, das alles perfekt organisiert ist und Dein Event reibungslos abl\u00e4uft. Ob Hochzeit, Firmenfeier oder Geburtstag- wir bringen [&hellip;]<\/p>\n","protected":false},"author":2,"featured_media":0,"parent":0,"menu_order":0,"comment_status":"closed","ping_status":"closed","template":"","meta":{"ocean_post_layout":"","ocean_both_sidebars_style":"","ocean_both_sidebars_content_width":0,"ocean_both_sidebars_sidebars_width":0,"ocean_sidebar":"","ocean_second_sidebar":"","ocean_disable_margins":"enable","ocean_add_body_class":"","ocean_shortcode_before_top_bar":"","ocean_shortcode_after_top_bar":"","ocean_shortcode_before_header":"","ocean_shortcode_after_header":"","ocean_has_shortcode":"","ocean_shortcode_after_title":"","ocean_shortcode_before_footer_widgets":"","ocean_shortcode_after_footer_widgets":"","ocean_shortcode_before_footer_bottom":"","ocean_shortcode_after_footer_bottom":"","ocean_display_top_bar":"default","ocean_display_header":"default","ocean_header_style":"","ocean_center_header_left_menu":"","ocean_custom_header_template":"","ocean_custom_logo":0,"ocean_custom_retina_logo":0,"ocean_custom_logo_max_width":0,"ocean_custom_logo_tablet_max_width":0,"ocean_custom_logo_mobile_max_width":0,"ocean_custom_logo_max_height":0,"ocean_custom_logo_tablet_max_height":0,"ocean_custom_logo_mobile_max_height":0,"ocean_header_custom_menu":"","ocean_menu_typo_font_family":"","ocean_menu_typo_font_subset":"","ocean_menu_typo_font_size":0,"ocean_menu_typo_font_size_tablet":0,"ocean_menu_typo_font_size_mobile":0,"ocean_menu_typo_font_size_unit":"px","ocean_menu_typo_font_weight":"","ocean_menu_typo_font_weight_tablet":"","ocean_menu_typo_font_weight_mobile":"","ocean_menu_typo_transform":"","ocean_menu_typo_transform_tablet":"","ocean_menu_typo_transform_mobile":"","ocean_menu_typo_line_height":0,"ocean_menu_typo_line_height_tablet":0,"ocean_menu_typo_line_height_mobile":0,"ocean_menu_typo_line_height_unit":"","ocean_menu_typo_spacing":0,"ocean_menu_typo_spacing_tablet":0,"ocean_menu_typo_spacing_mobile":0,"ocean_menu_typo_spacing_unit":"","ocean_menu_link_color":"","ocean_menu_link_color_hover":"","ocean_menu_link_color_active":"","ocean_menu_link_background":"","ocean_menu_link_hover_background":"","ocean_menu_link_active_background":"","ocean_menu_social_links_bg":"","ocean_menu_social_hover_links_bg":"","ocean_menu_social_links_color":"","ocean_menu_social_hover_links_color":"","ocean_disable_title":"on","ocean_disable_heading":"default","ocean_post_title":"","ocean_post_subheading":"","ocean_post_title_style":"","ocean_post_title_background_color":"","ocean_post_title_background":0,"ocean_post_title_bg_image_position":"","ocean_post_title_bg_image_attachment":"","ocean_post_title_bg_image_repeat":"","ocean_post_title_bg_image_size":"","ocean_post_title_height":0,"ocean_post_title_bg_overlay":0.5,"ocean_post_title_bg_overlay_color":"","ocean_disable_breadcrumbs":"default","ocean_breadcrumbs_color":"","ocean_breadcrumbs_separator_color":"","ocean_breadcrumbs_links_color":"","ocean_breadcrumbs_links_hover_color":"","ocean_display_footer_widgets":"default","ocean_display_footer_bottom":"default","ocean_custom_footer_template":"","footnotes":""},"class_list":["post-423","page","type-page","status-publish","hentry","entry"],"_links":{"self":[{"href":"https:\/\/crazydogtattoo.com\/index.php\/wp-json\/wp\/v2\/pages\/423","targetHints":{"allow":["GET"]}}],"collection":[{"href":"https:\/\/crazydogtattoo.com\/index.php\/wp-json\/wp\/v2\/pages"}],"about":[{"href":"https:\/\/crazydogtattoo.com\/index.php\/wp-json\/wp\/v2\/types\/page"}],"author":[{"embeddable":true,"href":"https:\/\/crazydogtattoo.com\/index.php\/wp-json\/wp\/v2\/users\/2"}],"replies":[{"embeddable":true,"href":"https:\/\/crazydogtattoo.com\/index.php\/wp-json\/wp\/v2\/comments?post=423"}],"version-history":[{"count":22,"href":"https:\/\/crazydogtattoo.com\/index.php\/wp-json\/wp\/v2\/pages\/423\/revisions"}],"predecessor-version":[{"id":518,"href":"https:\/\/crazydogtattoo.com\/index.php\/wp-json\/wp\/v2\/pages\/423\/revisions\/518"}],"wp:attachment":[{"href":"https:\/\/crazydogtattoo.com\/index.php\/wp-json\/wp\/v2\/media?parent=423"}],"curies":[{"name":"wp","href":"https:\/\/api.w.org\/{rel}","templated":true}]}}