{"id":33,"date":"2023-12-26T00:14:51","date_gmt":"2023-12-25T23:14:51","guid":{"rendered":"https:\/\/crazydogtattoo.com\/?page_id=33"},"modified":"2024-08-28T12:50:41","modified_gmt":"2024-08-28T10:50:41","slug":"team","status":"publish","type":"page","link":"https:\/\/crazydogtattoo.com\/index.php\/team\/","title":{"rendered":"Tattoo Artist"},"content":{"rendered":"\n<h1 class=\"wp-block-heading has-text-align-center\">Tattoo Artist<\/h1>\n\n\n\n<p><\/p>\n\n\n<div class=\"tmm tmm_crazy-dog-tatoo\"><div class=\"tmm_1_columns tmm_wrap tmm_plugin_f\"><span class=\"tmm_two_containers_tablet\"><\/span><div class=\"tmm_container\"><div class=\"tmm_member\" style=\"border-top:#333333 solid 5px;\"><div class=\"tmm_photo tmm_pic_crazy-dog-tatoo_0\" style=\"background: url(http:\/\/crazydogtattoo.com\/wp-content\/uploads\/2023\/08\/WhatsApp-Bild-2023-08-08-um-13.38.22.jpg); margin-left: auto; margin-right:auto; background-size:cover !important;\"><\/div><div class=\"tmm_textblock\"><div class=\"tmm_names\"><span class=\"tmm_fname\">Robert<\/span> <\/div><div class=\"tmm_job\">Owner<\/div><div class=\"tmm_desc\" style=\"text-align:\"><p class=\"p1\"><span class=\"s1\">Artist-Robert 43 Jahre jung <\/span><\/p><p class=\"p1\"><span class=\"s1\">Seit fr\u00fchester Jugend wurde ich vom t\u00e4towieren hingezogen und nun t\u00e4towiere ich schon im 15 Jahr. Meine Leidenschaft hat mich bis hierher getragen. Fr\u00fcher hab ich unter den Namen Krankerhundtattoo in Dresden t\u00e4towiert. Im Jahr 2020\/2021 wanderte ich mit meiner Familie und meinen geliebten Hundeseelen nach Kambodscha aus um die Welt mit Ruhe und Gelassenheit zu erkunden. Ich war schon immer ein freier Geist und mich tr\u00e4gt es gerne durch die Welt um aus allen L\u00e4ndern das Beste mit zu nehmen. Auch aus der Tattoo Welt der verschiedensten L\u00e4nder sammle ich meine Inspirationen und Erfahrungen.&nbsp; Seit gut einen halben Jahr t\u00e4towiere ich wieder im wundersch\u00f6nen Dresden. Dich<\/span><span class=\"s1\">&nbsp;erwartet die beste Qualit\u00e4t und den h\u00f6chstens Standard an Hygiene und Vielfalt<span class=\"Apple-converted-space\"> bei <\/span>meinen Arbeiten. Ich begleite Dich von Anfang bis zum Abschluss deines Tattoo-Projektes, welches f\u00fcr Dich in einer wunderbaren Erinnerung bleiben soll. Mit Liebe und Leidenschaft werde ich mich deinem Wunsch hingeben.&nbsp;<\/span><\/p><p class=\"p1\"><span class=\"s1\"><strong>Vorlieben:<\/strong><span class=\"Apple-converted-space\">&nbsp; <\/span>Tattoo Richtungen - Color-Finline-oldschool-neotraditionall-Black and Grey. <\/span><\/p><p class=\"p1\"><span class=\"s1\">Mein Motto von Anfang an war klar, es wird mit ganz viel Leidenschaft und Liebe t\u00e4towiert denn Tattoos sind ein Ausdruck eines jeden einzelnen. <\/span><span class=\"s1\">&nbsp;Jeden meiner Tattoos<span class=\"Apple-converted-space\">&nbsp; <\/span>gebe ich ein St\u00fcck Seele von mir und ich freue mich auf die Verwirklichung Deines individuellem Tattoo-Projektes.<\/span><\/p><\/div><div class=\"tmm_scblock\"><a target=\"_blank\" class=\"tmm_sociallink\" href=\"https:\/\/www.facebook.com\/krankerhundtattoo\" title=\"Facebook\"><img decoding=\"async\" alt=\"Facebook\" src=\"https:\/\/crazydogtattoo.com\/wp-content\/plugins\/team-members\/inc\/img\/links\/facebook.png\"\/><\/a><a target=\"_blank\" class=\"tmm_sociallink\" href=\"https:\/\/instagram.com\/crazydogtattoo?igshid=NTc4MTIwNjQ2YQ==\" title=\"Instagram\"><img decoding=\"async\" alt=\"Instagram\" src=\"https:\/\/crazydogtattoo.com\/wp-content\/plugins\/team-members\/inc\/img\/links\/instagram.png\"\/><\/a><a class=\"tmm_sociallink\" href=\"mailto:&#105;&#110;&#102;o&#064;cr&#097;zyd&#111;gt&#097;&#116;t&#111;&#111;.&#099;om\" title=\"Email\"><img decoding=\"async\" alt=\"Email\" src=\"https:\/\/crazydogtattoo.com\/wp-content\/plugins\/team-members\/inc\/img\/links\/email.png\"\/><\/a><\/div><\/div><\/div><div style=\"clear:both;\"><\/div><\/div><\/div><\/div>\n","protected":false},"excerpt":{"rendered":"<p>Tattoo Artist<\/p>\n","protected":false},"author":2,"featured_media":0,"parent":0,"menu_order":0,"comment_status":"closed","ping_status":"closed","template":"","meta":{"ocean_post_layout":"","ocean_both_sidebars_style":"","ocean_both_sidebars_content_width":0,"ocean_both_sidebars_sidebars_width":0,"ocean_sidebar":"0","ocean_second_sidebar":"0","ocean_disable_margins":"enable","ocean_add_body_class":"","ocean_shortcode_before_top_bar":"","ocean_shortcode_after_top_bar":"","ocean_shortcode_before_header":"","ocean_shortcode_after_header":"","ocean_has_shortcode":"","ocean_shortcode_after_title":"","ocean_shortcode_before_footer_widgets":"","ocean_shortcode_after_footer_widgets":"","ocean_shortcode_before_footer_bottom":"","ocean_shortcode_after_footer_bottom":"","ocean_display_top_bar":"default","ocean_display_header":"default","ocean_header_style":"","ocean_center_header_left_menu":"0","ocean_custom_header_template":"0","ocean_custom_logo":0,"ocean_custom_retina_logo":0,"ocean_custom_logo_max_width":0,"ocean_custom_logo_tablet_max_width":0,"ocean_custom_logo_mobile_max_width":0,"ocean_custom_logo_max_height":0,"ocean_custom_logo_tablet_max_height":0,"ocean_custom_logo_mobile_max_height":0,"ocean_header_custom_menu":"0","ocean_menu_typo_font_family":"0","ocean_menu_typo_font_subset":"","ocean_menu_typo_font_size":0,"ocean_menu_typo_font_size_tablet":0,"ocean_menu_typo_font_size_mobile":0,"ocean_menu_typo_font_size_unit":"px","ocean_menu_typo_font_weight":"","ocean_menu_typo_font_weight_tablet":"","ocean_menu_typo_font_weight_mobile":"","ocean_menu_typo_transform":"","ocean_menu_typo_transform_tablet":"","ocean_menu_typo_transform_mobile":"","ocean_menu_typo_line_height":0,"ocean_menu_typo_line_height_tablet":0,"ocean_menu_typo_line_height_mobile":0,"ocean_menu_typo_line_height_unit":"","ocean_menu_typo_spacing":0,"ocean_menu_typo_spacing_tablet":0,"ocean_menu_typo_spacing_mobile":0,"ocean_menu_typo_spacing_unit":"","ocean_menu_link_color":"","ocean_menu_link_color_hover":"","ocean_menu_link_color_active":"","ocean_menu_link_background":"","ocean_menu_link_hover_background":"","ocean_menu_link_active_background":"","ocean_menu_social_links_bg":"","ocean_menu_social_hover_links_bg":"","ocean_menu_social_links_color":"","ocean_menu_social_hover_links_color":"","ocean_disable_title":"on","ocean_disable_heading":"default","ocean_post_title":"","ocean_post_subheading":"","ocean_post_title_style":"","ocean_post_title_background_color":"","ocean_post_title_background":0,"ocean_post_title_bg_image_position":"","ocean_post_title_bg_image_attachment":"","ocean_post_title_bg_image_repeat":"","ocean_post_title_bg_image_size":"","ocean_post_title_height":0,"ocean_post_title_bg_overlay":0.5,"ocean_post_title_bg_overlay_color":"","ocean_disable_breadcrumbs":"default","ocean_breadcrumbs_color":"","ocean_breadcrumbs_separator_color":"","ocean_breadcrumbs_links_color":"","ocean_breadcrumbs_links_hover_color":"","ocean_display_footer_widgets":"default","ocean_display_footer_bottom":"default","ocean_custom_footer_template":"0","footnotes":""},"class_list":["post-33","page","type-page","status-publish","hentry","entry"],"_links":{"self":[{"href":"https:\/\/crazydogtattoo.com\/index.php\/wp-json\/wp\/v2\/pages\/33","targetHints":{"allow":["GET"]}}],"collection":[{"href":"https:\/\/crazydogtattoo.com\/index.php\/wp-json\/wp\/v2\/pages"}],"about":[{"href":"https:\/\/crazydogtattoo.com\/index.php\/wp-json\/wp\/v2\/types\/page"}],"author":[{"embeddable":true,"href":"https:\/\/crazydogtattoo.com\/index.php\/wp-json\/wp\/v2\/users\/2"}],"replies":[{"embeddable":true,"href":"https:\/\/crazydogtattoo.com\/index.php\/wp-json\/wp\/v2\/comments?post=33"}],"version-history":[{"count":14,"href":"https:\/\/crazydogtattoo.com\/index.php\/wp-json\/wp\/v2\/pages\/33\/revisions"}],"predecessor-version":[{"id":457,"href":"https:\/\/crazydogtattoo.com\/index.php\/wp-json\/wp\/v2\/pages\/33\/revisions\/457"}],"wp:attachment":[{"href":"https:\/\/crazydogtattoo.com\/index.php\/wp-json\/wp\/v2\/media?parent=33"}],"curies":[{"name":"wp","href":"https:\/\/api.w.org\/{rel}","templated":true}]}}